{"id":242,"date":"2024-07-01T11:23:53","date_gmt":"2024-07-01T10:23:53","guid":{"rendered":"https:\/\/lasdeliciasdemym.com\/?page_id=242"},"modified":"2024-07-01T11:30:34","modified_gmt":"2024-07-01T10:30:34","slug":"aviso-legal","status":"publish","type":"page","link":"https:\/\/lasdeliciasdemym.com\/en\/aviso-legal\/","title":{"rendered":"Legal warning"},"content":{"rendered":"<div data-elementor-type=\"wp-page\" data-elementor-id=\"242\" class=\"elementor elementor-242\" data-elementor-post-type=\"page\">\n\t\t\t\t<div class=\"elementor-element elementor-element-2497b53 e-flex e-con-boxed e-con e-parent\" data-id=\"2497b53\" data-element_type=\"container\">\n\t\t\t\t\t<div class=\"e-con-inner\">\n\t\t\t\t<div class=\"elementor-element elementor-element-accc81d elementor-widget elementor-widget-text-editor\" data-id=\"accc81d\" data-element_type=\"widget\" data-widget_type=\"text-editor.default\">\n\t\t\t\t<div class=\"elementor-widget-container\">\n\t\t\t<style>\/*! elementor - v3.23.0 - 05-08-2024 *\/\n.elementor-widget-text-editor.elementor-drop-cap-view-stacked .elementor-drop-cap{background-color:#69727d;color:#fff}.elementor-widget-text-editor.elementor-drop-cap-view-framed .elementor-drop-cap{color:#69727d;border:3px solid;background-color:transparent}.elementor-widget-text-editor:not(.elementor-drop-cap-view-default) .elementor-drop-cap{margin-top:8px}.elementor-widget-text-editor:not(.elementor-drop-cap-view-default) .elementor-drop-cap-letter{width:1em;height:1em}.elementor-widget-text-editor .elementor-drop-cap{float:left;text-align:center;line-height:1;font-size:50px}.elementor-widget-text-editor .elementor-drop-cap-letter{display:inline-block}<\/style>\t\t\t\t<p>MARGOTH OTERO, WITH CIF\/NIF N\u00ba: Y2221051R AND ADDRESS AT: Calle Sarmiento 15 \u2013 1D El Coromoto 38631 Arona \u2013 Santa Cruz de Tenerife, CANNOT ASSUME ANY RESPONSIBILITY DERIVED FROM THE INCORRECT, INAPPROPRIATE OR ILLEGAL USE OF THE INFORMATION APPEARING ON THE WEB PAGES OF: <a href=\"https:\/\/lasdeliciasdemym.com\/en\/\">https:\/\/lasdeliciasdemym.com\/<\/a><br \/><br \/>WITH THE LIMITS ESTABLISHED BY THE LAW, MARGOTH OTERO DOES NOT ASSUME ANY RESPONSIBILITY DERIVED FROM THE LACK OF TRUTHFULNESS, INTEGRITY, UPDATING AND ACCURACY OF THE DATA OR INFORMATION CONTAINED IN ITS WEB PAGES.<br \/>THE CONTENTS AND INFORMATION DO NOT BIND MARGOTH OTERO NOR DO THEY CONSTITUTE OPINIONS, ADVICE OR LEGAL ADVICE OF ANY KIND AS IT IS MERELY A SERVICE OFFERED FOR INFORMATION AND DISCLOSURE.<\/p><p><br \/>MARGOTH OTERO&#039;S WEBSITES MAY CONTAIN LINKS TO OTHER THIRD PARTY SITES WHICH MARGOTH OTERO CANNOT CONTROL. THEREFORE, MARGOTH OTERO CANNOT ASSUME RESPONSIBILITY FOR THE CONTENT THAT MAY APPEAR ON THIRD PARTY PAGES.<\/p><p><br \/>THE TEXTS, IMAGES, SOUNDS, ANIMATIONS, SOFTWARE AND THE REST OF THE CONTENT INCLUDED IN THIS WEBSITE ARE THE EXCLUSIVE PROPERTY OF MARGOTH OTERO OR ITS LICENSORS. ANY ACT OF TRANSMISSION, DISTRIBUTION, ASSIGNMENT, REPRODUCTION, STORAGE OR PARTIAL PUBLIC COMMUNICATION MUST HAVE THE EXPRESS CONSENT OF MARGOTH OTERO.<\/p><p><br \/>ALSO, TO ACCESS SOME OF THE SERVICES THAT MARGOTH OTERO OFFERS THROUGH THE WEBSITE, YOU MUST PROVIDE SOME PERSONAL DATA. IN COMPLIANCE WITH THE PROVISIONS OF REGULATION (EU) 2016\/679 OF THE EUROPEAN PARLIAMENT AND OF THE COUNCIL OF APRIL 27, 2016, REGARDING THE PROTECTION OF NATURAL PERSONS WITH RESPECT TO THE PROCESSING OF PERSONAL DATA AND THE FREE CIRCULATION OF THESE DATA WE INFORM YOU THAT, BY COMPLETING THESE FORMS, YOUR PERSONAL DATA WILL BE INCORPORATED AND WILL BE PROCESSED IN THE FILES OF MARGOTH OTERO IN ORDER TO BE ABLE TO PROVIDE AND OFFER OUR SERVICES AS WELL AS TO INFORM YOU OF IMPROVEMENTS TO THE WEBSITE.<\/p><p><br \/>WE ALSO INFORM YOU THAT YOU WILL HAVE THE POSSIBILITY AT ALL TIMES TO EXERCISE THE RIGHTS OF ACCESS, RECTIFICATION, CANCELLATION, OPPOSITION, LIMITATION AND PORTABILITY OF YOUR PERSONAL DATA, FREE OF CHARGE BY EMAIL TO: INFO@LASDELICIASDEMYM.COM OR AT THE ADDRESS : Calle Sarmiento 15 \u2013 1D El Coromoto 38631 Arona \u2013 Santa Cruz de Tenerife.<\/p>\t\t\t\t\t\t<\/div>\n\t\t\t\t<\/div>\n\t\t\t\t\t<\/div>\n\t\t\t\t<\/div>\n\t\t\t\t<\/div>","protected":false},"excerpt":{"rendered":"<p>MARGOTH OTERO, WITH CIF\/NIF N\u00ba: Y2221051R AND ADDRESS AT: Calle Sarmiento 15 \u2013 1D El Coromoto 38631 Arona \u2013 Santa Cruz de Tenerife, CANNOT ASSUME ANY RESPONSIBILITY DERIVED FROM THE INCORRECT, INAPPROPRIATE OR ILLEGAL USE OF THE INFORMATION APPEARING ON THE WEB PAGES FROM: https:\/\/lasdeliciasdemym.com\/ WITH THE LIMITS ESTABLISHED BY THE LAW, MARGOTH OTERO DOES NOT [\u2026]<\/p>","protected":false},"author":1,"featured_media":8,"parent":0,"menu_order":0,"comment_status":"closed","ping_status":"closed","template":"","meta":{"_uag_custom_page_level_css":"","footnotes":""},"class_list":["post-242","page","type-page","status-publish","has-post-thumbnail","hentry"],"yoast_head":"<!-- This site is optimized with the Yoast SEO plugin v23.4 - https:\/\/yoast.com\/wordpress\/plugins\/seo\/ -->\n<title>Aviso legal - Las delicias de MYM<\/title>\n<meta name=\"robots\" content=\"index, follow, max-snippet:-1, max-image-preview:large, max-video-preview:-1\" \/>\n<link rel=\"canonical\" href=\"https:\/\/lasdeliciasdemym.com\/en\/aviso-legal\/\" \/>\n<meta property=\"og:locale\" content=\"en_GB\" \/>\n<meta property=\"og:type\" content=\"article\" \/>\n<meta property=\"og:title\" content=\"Aviso legal - Las delicias de MYM\" \/>\n<meta property=\"og:description\" content=\"MARGOTH OTERO, CON CIF\/NIF N\u00ba: Y2221051R Y DIRECCI\u00d3N EN: Calle Sarmiento 15 &#8211; 1D El Coromoto 38631 Arona &#8211; Santa Cruz de Tenerife, NO PUEDE ASUMIR NINGUNA RESPONSABILIDAD DERIVADA DEL USO INCORRECTO, INAPROPIADO O IL\u00cdCITO DE LA INFORMACI\u00d3N APARECIDA EN LAS P\u00c1GINAS WEB DE: https:\/\/lasdeliciasdemym.com\/ CON LOS L\u00cdMITES ESTABLECIDOS EN LA LEY, MARGOTH OTERO NO [&hellip;]\" \/>\n<meta property=\"og:url\" content=\"https:\/\/lasdeliciasdemym.com\/en\/aviso-legal\/\" \/>\n<meta property=\"og:site_name\" content=\"Las delicias de MYM\" \/>\n<meta property=\"article:modified_time\" content=\"2024-07-01T10:30:34+00:00\" \/>\n<meta property=\"og:image\" content=\"https:\/\/lasdeliciasdemym.com\/wp-content\/uploads\/2024\/05\/Logo-las-delicias-de-mym-PNG-e1719758665150.png\" \/>\n\t<meta property=\"og:image:width\" content=\"541\" \/>\n\t<meta property=\"og:image:height\" content=\"451\" \/>\n\t<meta property=\"og:image:type\" content=\"image\/png\" \/>\n<meta name=\"twitter:card\" content=\"summary_large_image\" \/>\n<meta name=\"twitter:label1\" content=\"Estimated reading time\" \/>\n\t<meta name=\"twitter:data1\" content=\"2 minutes\" \/>\n<script type=\"application\/ld+json\" class=\"yoast-schema-graph\">{\"@context\":\"https:\/\/schema.org\",\"@graph\":[{\"@type\":\"WebPage\",\"@id\":\"https:\/\/lasdeliciasdemym.com\/en\/aviso-legal\/\",\"url\":\"https:\/\/lasdeliciasdemym.com\/en\/aviso-legal\/\",\"name\":\"Aviso legal - Las delicias de MYM\",\"isPartOf\":{\"@id\":\"https:\/\/lasdeliciasdemym.com\/en\/#website\"},\"primaryImageOfPage\":{\"@id\":\"https:\/\/lasdeliciasdemym.com\/en\/aviso-legal\/#primaryimage\"},\"image\":{\"@id\":\"https:\/\/lasdeliciasdemym.com\/en\/aviso-legal\/#primaryimage\"},\"thumbnailUrl\":\"https:\/\/lasdeliciasdemym.com\/wp-content\/uploads\/2024\/05\/Logo-las-delicias-de-mym-PNG-e1719758665150.png\",\"datePublished\":\"2024-07-01T10:23:53+00:00\",\"dateModified\":\"2024-07-01T10:30:34+00:00\",\"breadcrumb\":{\"@id\":\"https:\/\/lasdeliciasdemym.com\/en\/aviso-legal\/#breadcrumb\"},\"inLanguage\":\"en-GB\",\"potentialAction\":[{\"@type\":\"ReadAction\",\"target\":[\"https:\/\/lasdeliciasdemym.com\/en\/aviso-legal\/\"]}]},{\"@type\":\"ImageObject\",\"inLanguage\":\"en-GB\",\"@id\":\"https:\/\/lasdeliciasdemym.com\/en\/aviso-legal\/#primaryimage\",\"url\":\"https:\/\/lasdeliciasdemym.com\/wp-content\/uploads\/2024\/05\/Logo-las-delicias-de-mym-PNG-e1719758665150.png\",\"contentUrl\":\"https:\/\/lasdeliciasdemym.com\/wp-content\/uploads\/2024\/05\/Logo-las-delicias-de-mym-PNG-e1719758665150.png\",\"width\":541,\"height\":451,\"caption\":\"Logo las delicias de mym\"},{\"@type\":\"BreadcrumbList\",\"@id\":\"https:\/\/lasdeliciasdemym.com\/en\/aviso-legal\/#breadcrumb\",\"itemListElement\":[{\"@type\":\"ListItem\",\"position\":1,\"name\":\"Portada\",\"item\":\"https:\/\/lasdeliciasdemym.com\/en\/\"},{\"@type\":\"ListItem\",\"position\":2,\"name\":\"Aviso legal\"}]},{\"@type\":\"WebSite\",\"@id\":\"https:\/\/lasdeliciasdemym.com\/en\/#website\",\"url\":\"https:\/\/lasdeliciasdemym.com\/en\/\",\"name\":\"Las delicias de MYM\",\"description\":\"F\u00e1brica, distribuidora y comercializadora de empanadas en el sur de Tenerife\",\"publisher\":{\"@id\":\"https:\/\/lasdeliciasdemym.com\/en\/#organization\"},\"potentialAction\":[{\"@type\":\"SearchAction\",\"target\":{\"@type\":\"EntryPoint\",\"urlTemplate\":\"https:\/\/lasdeliciasdemym.com\/en\/?s={search_term_string}\"},\"query-input\":{\"@type\":\"PropertyValueSpecification\",\"valueRequired\":true,\"valueName\":\"search_term_string\"}}],\"inLanguage\":\"en-GB\"},{\"@type\":\"Organization\",\"@id\":\"https:\/\/lasdeliciasdemym.com\/en\/#organization\",\"name\":\"Las delicias de MYM\",\"url\":\"https:\/\/lasdeliciasdemym.com\/en\/\",\"logo\":{\"@type\":\"ImageObject\",\"inLanguage\":\"en-GB\",\"@id\":\"https:\/\/lasdeliciasdemym.com\/en\/#\/schema\/logo\/image\/\",\"url\":\"https:\/\/lasdeliciasdemym.com\/wp-content\/uploads\/2024\/05\/Logo-las-delicias-de-mym-PNG-e1719758665150.png\",\"contentUrl\":\"https:\/\/lasdeliciasdemym.com\/wp-content\/uploads\/2024\/05\/Logo-las-delicias-de-mym-PNG-e1719758665150.png\",\"width\":541,\"height\":451,\"caption\":\"Las delicias de MYM\"},\"image\":{\"@id\":\"https:\/\/lasdeliciasdemym.com\/en\/#\/schema\/logo\/image\/\"}}]}<\/script>\n<!-- \/ Yoast SEO plugin. -->","yoast_head_json":{"title":"Aviso legal - Las delicias de MYM","robots":{"index":"index","follow":"follow","max-snippet":"max-snippet:-1","max-image-preview":"max-image-preview:large","max-video-preview":"max-video-preview:-1"},"canonical":"https:\/\/lasdeliciasdemym.com\/en\/aviso-legal\/","og_locale":"en_GB","og_type":"article","og_title":"Aviso legal - Las delicias de MYM","og_description":"MARGOTH OTERO, CON CIF\/NIF N\u00ba: Y2221051R Y DIRECCI\u00d3N EN: Calle Sarmiento 15 &#8211; 1D El Coromoto 38631 Arona &#8211; Santa Cruz de Tenerife, NO PUEDE ASUMIR NINGUNA RESPONSABILIDAD DERIVADA DEL USO INCORRECTO, INAPROPIADO O IL\u00cdCITO DE LA INFORMACI\u00d3N APARECIDA EN LAS P\u00c1GINAS WEB DE: https:\/\/lasdeliciasdemym.com\/ CON LOS L\u00cdMITES ESTABLECIDOS EN LA LEY, MARGOTH OTERO NO [&hellip;]","og_url":"https:\/\/lasdeliciasdemym.com\/en\/aviso-legal\/","og_site_name":"Las delicias de MYM","article_modified_time":"2024-07-01T10:30:34+00:00","og_image":[{"width":541,"height":451,"url":"https:\/\/lasdeliciasdemym.com\/wp-content\/uploads\/2024\/05\/Logo-las-delicias-de-mym-PNG-e1719758665150.png","type":"image\/png"}],"twitter_card":"summary_large_image","twitter_misc":{"Estimated reading time":"2 minutes"},"schema":{"@context":"https:\/\/schema.org","@graph":[{"@type":"WebPage","@id":"https:\/\/lasdeliciasdemym.com\/en\/aviso-legal\/","url":"https:\/\/lasdeliciasdemym.com\/en\/aviso-legal\/","name":"Aviso legal - Las delicias de MYM","isPartOf":{"@id":"https:\/\/lasdeliciasdemym.com\/en\/#website"},"primaryImageOfPage":{"@id":"https:\/\/lasdeliciasdemym.com\/en\/aviso-legal\/#primaryimage"},"image":{"@id":"https:\/\/lasdeliciasdemym.com\/en\/aviso-legal\/#primaryimage"},"thumbnailUrl":"https:\/\/lasdeliciasdemym.com\/wp-content\/uploads\/2024\/05\/Logo-las-delicias-de-mym-PNG-e1719758665150.png","datePublished":"2024-07-01T10:23:53+00:00","dateModified":"2024-07-01T10:30:34+00:00","breadcrumb":{"@id":"https:\/\/lasdeliciasdemym.com\/en\/aviso-legal\/#breadcrumb"},"inLanguage":"en-GB","potentialAction":[{"@type":"ReadAction","target":["https:\/\/lasdeliciasdemym.com\/en\/aviso-legal\/"]}]},{"@type":"ImageObject","inLanguage":"en-GB","@id":"https:\/\/lasdeliciasdemym.com\/en\/aviso-legal\/#primaryimage","url":"https:\/\/lasdeliciasdemym.com\/wp-content\/uploads\/2024\/05\/Logo-las-delicias-de-mym-PNG-e1719758665150.png","contentUrl":"https:\/\/lasdeliciasdemym.com\/wp-content\/uploads\/2024\/05\/Logo-las-delicias-de-mym-PNG-e1719758665150.png","width":541,"height":451,"caption":"Logo las delicias de mym"},{"@type":"BreadcrumbList","@id":"https:\/\/lasdeliciasdemym.com\/en\/aviso-legal\/#breadcrumb","itemListElement":[{"@type":"ListItem","position":1,"name":"Portada","item":"https:\/\/lasdeliciasdemym.com\/en\/"},{"@type":"ListItem","position":2,"name":"Aviso legal"}]},{"@type":"WebSite","@id":"https:\/\/lasdeliciasdemym.com\/en\/#website","url":"https:\/\/lasdeliciasdemym.com\/en\/","name":"Las delicias de MYM","description":"F\u00e1brica, distribuidora y comercializadora de empanadas en el sur de Tenerife","publisher":{"@id":"https:\/\/lasdeliciasdemym.com\/en\/#organization"},"potentialAction":[{"@type":"SearchAction","target":{"@type":"EntryPoint","urlTemplate":"https:\/\/lasdeliciasdemym.com\/en\/?s={search_term_string}"},"query-input":{"@type":"PropertyValueSpecification","valueRequired":true,"valueName":"search_term_string"}}],"inLanguage":"en-GB"},{"@type":"Organization","@id":"https:\/\/lasdeliciasdemym.com\/en\/#organization","name":"Las delicias de MYM","url":"https:\/\/lasdeliciasdemym.com\/en\/","logo":{"@type":"ImageObject","inLanguage":"en-GB","@id":"https:\/\/lasdeliciasdemym.com\/en\/#\/schema\/logo\/image\/","url":"https:\/\/lasdeliciasdemym.com\/wp-content\/uploads\/2024\/05\/Logo-las-delicias-de-mym-PNG-e1719758665150.png","contentUrl":"https:\/\/lasdeliciasdemym.com\/wp-content\/uploads\/2024\/05\/Logo-las-delicias-de-mym-PNG-e1719758665150.png","width":541,"height":451,"caption":"Las delicias de MYM"},"image":{"@id":"https:\/\/lasdeliciasdemym.com\/en\/#\/schema\/logo\/image\/"}}]}},"uagb_featured_image_src":{"full":["https:\/\/lasdeliciasdemym.com\/wp-content\/uploads\/2024\/05\/Logo-las-delicias-de-mym-PNG-e1719758665150.png",541,451,false],"thumbnail":["https:\/\/lasdeliciasdemym.com\/wp-content\/uploads\/2024\/05\/Logo-las-delicias-de-mym-PNG-e1719758665150-150x150.png",150,150,true],"medium":["https:\/\/lasdeliciasdemym.com\/wp-content\/uploads\/2024\/05\/Logo-las-delicias-de-mym-PNG-e1719758665150-300x250.png",300,250,true],"medium_large":["https:\/\/lasdeliciasdemym.com\/wp-content\/uploads\/2024\/05\/Logo-las-delicias-de-mym-PNG-e1719758665150.png",541,451,false],"large":["https:\/\/lasdeliciasdemym.com\/wp-content\/uploads\/2024\/05\/Logo-las-delicias-de-mym-PNG-e1719758665150.png",541,451,false],"1536x1536":["https:\/\/lasdeliciasdemym.com\/wp-content\/uploads\/2024\/05\/Logo-las-delicias-de-mym-PNG-e1719758665150.png",541,451,false],"2048x2048":["https:\/\/lasdeliciasdemym.com\/wp-content\/uploads\/2024\/05\/Logo-las-delicias-de-mym-PNG-e1719758665150.png",541,451,false],"trp-custom-language-flag":["https:\/\/lasdeliciasdemym.com\/wp-content\/uploads\/2024\/05\/Logo-las-delicias-de-mym-PNG-e1719758665150.png",14,12,false]},"uagb_author_info":{"display_name":"digitalball","author_link":"https:\/\/lasdeliciasdemym.com\/en\/author\/digitalball\/"},"uagb_comment_info":0,"uagb_excerpt":"MARGOTH OTERO, CON CIF\/NIF N\u00ba: Y2221051R Y DIRECCI\u00d3N EN: Calle Sarmiento 15 &#8211; 1D El Coromoto 38631 Arona &#8211; Santa Cruz de Tenerife, NO PUEDE ASUMIR NINGUNA RESPONSABILIDAD DERIVADA DEL USO INCORRECTO, INAPROPIADO O IL\u00cdCITO DE LA INFORMACI\u00d3N APARECIDA EN LAS P\u00c1GINAS WEB DE: https:\/\/lasdeliciasdemym.com\/ CON LOS L\u00cdMITES ESTABLECIDOS EN LA LEY, MARGOTH OTERO NO&hellip;","_links":{"self":[{"href":"https:\/\/lasdeliciasdemym.com\/en\/wp-json\/wp\/v2\/pages\/242"}],"collection":[{"href":"https:\/\/lasdeliciasdemym.com\/en\/wp-json\/wp\/v2\/pages"}],"about":[{"href":"https:\/\/lasdeliciasdemym.com\/en\/wp-json\/wp\/v2\/types\/page"}],"author":[{"embeddable":true,"href":"https:\/\/lasdeliciasdemym.com\/en\/wp-json\/wp\/v2\/users\/1"}],"replies":[{"embeddable":true,"href":"https:\/\/lasdeliciasdemym.com\/en\/wp-json\/wp\/v2\/comments?post=242"}],"version-history":[{"count":4,"href":"https:\/\/lasdeliciasdemym.com\/en\/wp-json\/wp\/v2\/pages\/242\/revisions"}],"predecessor-version":[{"id":246,"href":"https:\/\/lasdeliciasdemym.com\/en\/wp-json\/wp\/v2\/pages\/242\/revisions\/246"}],"wp:featuredmedia":[{"embeddable":true,"href":"https:\/\/lasdeliciasdemym.com\/en\/wp-json\/wp\/v2\/media\/8"}],"wp:attachment":[{"href":"https:\/\/lasdeliciasdemym.com\/en\/wp-json\/wp\/v2\/media?parent=242"}],"curies":[{"name":"wp","href":"https:\/\/api.w.org\/{rel}","templated":true}]}}